{"id":2099,"date":"2023-12-22T18:49:06","date_gmt":"2023-12-22T18:49:06","guid":{"rendered":"https:\/\/tagni.mk\/magnometal\/?page_id=2099"},"modified":"2024-04-24T17:21:00","modified_gmt":"2024-04-24T17:21:00","slug":"orteco","status":"publish","type":"page","link":"https:\/\/constreq.eu\/index\/ee\/orteco\/","title":{"rendered":"ORTECO"},"content":{"rendered":"\t\t<div data-elementor-type=\"wp-post\" data-elementor-id=\"2099\" class=\"elementor elementor-2099\">\n\t\t\t\t\t\t\t\t\t<section class=\"elementor-section elementor-top-section elementor-element elementor-element-fd830d0 elementor-section-content-middle elementor-section-boxed elementor-section-height-default elementor-section-height-default\" data-id=\"fd830d0\" data-element_type=\"section\" data-settings=\"{&quot;_ha_eqh_enable&quot;:false}\">\n\t\t\t\t\t\t<div class=\"elementor-container elementor-column-gap-extended\">\n\t\t\t\t\t<div class=\"elementor-column elementor-col-50 elementor-top-column elementor-element elementor-element-c93742a\" data-id=\"c93742a\" data-element_type=\"column\">\n\t\t\t<div class=\"elementor-widget-wrap elementor-element-populated\">\n\t\t\t\t\t\t\t\t<div class=\"elementor-element elementor-element-222ac62 elementor-widget elementor-widget-image\" data-id=\"222ac62\" data-element_type=\"widget\" data-widget_type=\"image.default\">\n\t\t\t\t<div class=\"elementor-widget-container\">\n\t\t\t<style>\/*! elementor - v3.18.0 - 08-12-2023 *\/\n.elementor-widget-image{text-align:center}.elementor-widget-image a{display:inline-block}.elementor-widget-image a img[src$=\".svg\"]{width:48px}.elementor-widget-image img{vertical-align:middle;display:inline-block}<\/style>\t\t\t\t\t\t\t\t\t\t\t\t<img fetchpriority=\"high\" decoding=\"async\" width=\"373\" height=\"307\" src=\"https:\/\/constreq.eu\/index\/wp-content\/uploads\/2023\/12\/orteco.png\" class=\"attachment-full size-full wp-image-2102\" alt=\"ORTECO\" srcset=\"https:\/\/constreq.eu\/index\/wp-content\/uploads\/2023\/12\/orteco.png 373w, https:\/\/constreq.eu\/index\/wp-content\/uploads\/2023\/12\/orteco-300x247.png 300w\" sizes=\"(max-width: 373px) 100vw, 373px\" \/>\t\t\t\t\t\t\t\t\t\t\t\t\t\t\t<\/div>\n\t\t\t\t<\/div>\n\t\t\t\t\t<\/div>\n\t\t<\/div>\n\t\t\t\t<div class=\"elementor-column elementor-col-50 elementor-top-column elementor-element elementor-element-95b7a8f\" data-id=\"95b7a8f\" data-element_type=\"column\">\n\t\t\t<div class=\"elementor-widget-wrap elementor-element-populated\">\n\t\t\t\t\t\t\t\t<div class=\"elementor-element elementor-element-df8144d elementor-widget elementor-widget-heading\" data-id=\"df8144d\" data-element_type=\"widget\" data-widget_type=\"heading.default\">\n\t\t\t\t<div class=\"elementor-widget-container\">\n\t\t\t<style>\/*! elementor - v3.18.0 - 08-12-2023 *\/\n.elementor-heading-title{padding:0;margin:0;line-height:1}.elementor-widget-heading .elementor-heading-title[class*=elementor-size-]>a{color:inherit;font-size:inherit;line-height:inherit}.elementor-widget-heading .elementor-heading-title.elementor-size-small{font-size:15px}.elementor-widget-heading .elementor-heading-title.elementor-size-medium{font-size:19px}.elementor-widget-heading .elementor-heading-title.elementor-size-large{font-size:29px}.elementor-widget-heading .elementor-heading-title.elementor-size-xl{font-size:39px}.elementor-widget-heading .elementor-heading-title.elementor-size-xxl{font-size:59px}<\/style><h5 class=\"elementor-heading-title elementor-size-default\">MEIE PARTNER\n<\/h5>\t\t<\/div>\n\t\t\t\t<\/div>\n\t\t\t\t<div class=\"elementor-element elementor-element-b02f89f elementor-widget elementor-widget-heading\" data-id=\"b02f89f\" data-element_type=\"widget\" data-widget_type=\"heading.default\">\n\t\t\t\t<div class=\"elementor-widget-container\">\n\t\t\t<h2 class=\"elementor-heading-title elementor-size-default\">ORTECO<\/h2>\t\t<\/div>\n\t\t\t\t<\/div>\n\t\t\t\t<div class=\"elementor-element elementor-element-fff04d2 elementor-widget-divider--view-line elementor-widget elementor-widget-divider\" data-id=\"fff04d2\" data-element_type=\"widget\" data-widget_type=\"divider.default\">\n\t\t\t\t<div class=\"elementor-widget-container\">\n\t\t\t<style>\/*! elementor - v3.18.0 - 08-12-2023 *\/\n.elementor-widget-divider{--divider-border-style:none;--divider-border-width:1px;--divider-color:#0c0d0e;--divider-icon-size:20px;--divider-element-spacing:10px;--divider-pattern-height:24px;--divider-pattern-size:20px;--divider-pattern-url:none;--divider-pattern-repeat:repeat-x}.elementor-widget-divider .elementor-divider{display:flex}.elementor-widget-divider .elementor-divider__text{font-size:15px;line-height:1;max-width:95%}.elementor-widget-divider .elementor-divider__element{margin:0 var(--divider-element-spacing);flex-shrink:0}.elementor-widget-divider .elementor-icon{font-size:var(--divider-icon-size)}.elementor-widget-divider .elementor-divider-separator{display:flex;margin:0;direction:ltr}.elementor-widget-divider--view-line_icon .elementor-divider-separator,.elementor-widget-divider--view-line_text .elementor-divider-separator{align-items:center}.elementor-widget-divider--view-line_icon .elementor-divider-separator:after,.elementor-widget-divider--view-line_icon .elementor-divider-separator:before,.elementor-widget-divider--view-line_text .elementor-divider-separator:after,.elementor-widget-divider--view-line_text .elementor-divider-separator:before{display:block;content:\"\";border-bottom:0;flex-grow:1;border-top:var(--divider-border-width) var(--divider-border-style) var(--divider-color)}.elementor-widget-divider--element-align-left .elementor-divider .elementor-divider-separator>.elementor-divider__svg:first-of-type{flex-grow:0;flex-shrink:100}.elementor-widget-divider--element-align-left .elementor-divider-separator:before{content:none}.elementor-widget-divider--element-align-left .elementor-divider__element{margin-left:0}.elementor-widget-divider--element-align-right .elementor-divider .elementor-divider-separator>.elementor-divider__svg:last-of-type{flex-grow:0;flex-shrink:100}.elementor-widget-divider--element-align-right .elementor-divider-separator:after{content:none}.elementor-widget-divider--element-align-right .elementor-divider__element{margin-right:0}.elementor-widget-divider:not(.elementor-widget-divider--view-line_text):not(.elementor-widget-divider--view-line_icon) .elementor-divider-separator{border-top:var(--divider-border-width) var(--divider-border-style) var(--divider-color)}.elementor-widget-divider--separator-type-pattern{--divider-border-style:none}.elementor-widget-divider--separator-type-pattern.elementor-widget-divider--view-line .elementor-divider-separator,.elementor-widget-divider--separator-type-pattern:not(.elementor-widget-divider--view-line) .elementor-divider-separator:after,.elementor-widget-divider--separator-type-pattern:not(.elementor-widget-divider--view-line) .elementor-divider-separator:before,.elementor-widget-divider--separator-type-pattern:not([class*=elementor-widget-divider--view]) .elementor-divider-separator{width:100%;min-height:var(--divider-pattern-height);-webkit-mask-size:var(--divider-pattern-size) 100%;mask-size:var(--divider-pattern-size) 100%;-webkit-mask-repeat:var(--divider-pattern-repeat);mask-repeat:var(--divider-pattern-repeat);background-color:var(--divider-color);-webkit-mask-image:var(--divider-pattern-url);mask-image:var(--divider-pattern-url)}.elementor-widget-divider--no-spacing{--divider-pattern-size:auto}.elementor-widget-divider--bg-round{--divider-pattern-repeat:round}.rtl .elementor-widget-divider .elementor-divider__text{direction:rtl}.e-con-inner>.elementor-widget-divider,.e-con>.elementor-widget-divider{width:var(--container-widget-width,100%);--flex-grow:var(--container-widget-flex-grow)}<\/style>\t\t<div class=\"elementor-divider\">\n\t\t\t<span class=\"elementor-divider-separator\">\n\t\t\t\t\t\t<\/span>\n\t\t<\/div>\n\t\t\t\t<\/div>\n\t\t\t\t<\/div>\n\t\t\t\t<div class=\"elementor-element elementor-element-0ad71c8 elementor-widget elementor-widget-text-editor\" data-id=\"0ad71c8\" data-element_type=\"widget\" data-widget_type=\"text-editor.default\">\n\t\t\t\t<div class=\"elementor-widget-container\">\n\t\t\t<style>\/*! elementor - v3.18.0 - 08-12-2023 *\/\n.elementor-widget-text-editor.elementor-drop-cap-view-stacked .elementor-drop-cap{background-color:#69727d;color:#fff}.elementor-widget-text-editor.elementor-drop-cap-view-framed .elementor-drop-cap{color:#69727d;border:3px solid;background-color:transparent}.elementor-widget-text-editor:not(.elementor-drop-cap-view-default) .elementor-drop-cap{margin-top:8px}.elementor-widget-text-editor:not(.elementor-drop-cap-view-default) .elementor-drop-cap-letter{width:1em;height:1em}.elementor-widget-text-editor .elementor-drop-cap{float:left;text-align:center;line-height:1;font-size:50px}.elementor-widget-text-editor .elementor-drop-cap-letter{display:inline-block}<\/style>\t\t\t\t<p>ORTECO projekteerib ja toodab h\u00fcdraulilisi vaiade paigaldamise masinaid ohutute teepiirete, p\u00e4ikeseelektrijaamade, erinevate tarade ja ka viinamarjaistanduste tarbeks. Firma toodab masinaid ka eriotstarbelisteks t\u00f6\u00f6deks, nagu puurimine ja labade paigaldamine. ORTECO vaiamasinate valikus, millel on k\u00f5igil CE-m\u00e4rgis, on iseliikuvaid roomikmasinaid ning veokitele, ekskavaatoritele ja kraanadele paigaldatavaid seadmeid. Klientide vajaduste rahuldamiseks on ORTECO vaiamasinad varustatud erinevate lisaseadmetega. Peamine eesm\u00e4rk on pakkuda tipptasemel ja pidevalt t\u00e4iustuvaid tooteid ja kuna kliendid on ORTECO k\u00f5ige t\u00e4htsam vara, pakub firma individuaalset klienditeenindust ja tehnilist tuge.<\/p>\t\t\t\t\t\t<\/div>\n\t\t\t\t<\/div>\n\t\t\t\t\t<\/div>\n\t\t<\/div>\n\t\t\t\t\t\t\t<\/div>\n\t\t<\/section>\n\t\t\t\t<section class=\"elementor-section elementor-top-section elementor-element elementor-element-811f6ec elementor-section-boxed elementor-section-height-default elementor-section-height-default\" data-id=\"811f6ec\" data-element_type=\"section\" data-settings=\"{&quot;_ha_eqh_enable&quot;:false}\">\n\t\t\t\t\t\t<div class=\"elementor-container elementor-column-gap-default\">\n\t\t\t\t\t<div class=\"elementor-column elementor-col-100 elementor-top-column elementor-element elementor-element-f9de2b2\" data-id=\"f9de2b2\" data-element_type=\"column\">\n\t\t\t<div class=\"elementor-widget-wrap elementor-element-populated\">\n\t\t\t\t\t\t\t\t<section class=\"elementor-section elementor-inner-section elementor-element elementor-element-261460b elementor-section-boxed elementor-section-height-default elementor-section-height-default\" data-id=\"261460b\" data-element_type=\"section\" data-settings=\"{&quot;_ha_eqh_enable&quot;:false}\">\n\t\t\t\t\t\t<div class=\"elementor-container elementor-column-gap-default\">\n\t\t\t\t\t<div class=\"elementor-column elementor-col-100 elementor-inner-column elementor-element elementor-element-c0d3923\" data-id=\"c0d3923\" data-element_type=\"column\">\n\t\t\t<div class=\"elementor-widget-wrap elementor-element-populated\">\n\t\t\t\t\t\t\t\t<div class=\"elementor-element elementor-element-8437e8c elementor-widget elementor-widget-heading\" data-id=\"8437e8c\" data-element_type=\"widget\" data-widget_type=\"heading.default\">\n\t\t\t\t<div class=\"elementor-widget-container\">\n\t\t\t<h2 class=\"elementor-heading-title elementor-size-default\">TOOTED<\/h2>\t\t<\/div>\n\t\t\t\t<\/div>\n\t\t\t\t\t<\/div>\n\t\t<\/div>\n\t\t\t\t\t\t\t<\/div>\n\t\t<\/section>\n\t\t\t\t\t<\/div>\n\t\t<\/div>\n\t\t\t\t\t\t\t<\/div>\n\t\t<\/section>\n\t\t<div class=\"elementor-element elementor-element-8a02f7f e-flex e-con-boxed e-con e-parent\" data-id=\"8a02f7f\" data-element_type=\"container\" data-settings=\"{&quot;content_width&quot;:&quot;boxed&quot;}\" data-core-v316-plus=\"true\">\n\t\t\t\t\t<div class=\"e-con-inner\">\n\t\t\t\t<div class=\"elementor-element elementor-element-8fa4f3a elementor-widget elementor-widget-boosted-elements-image-grid\" data-id=\"8fa4f3a\" data-element_type=\"widget\" data-widget_type=\"boosted-elements-image-grid.default\">\n\t\t\t\t<div class=\"elementor-widget-container\">\n\t\t\t\n\n\n\t<div class=\"boosted-elements-progression-image-grid-container  boosted-elements-image-grid-transition-none\">\n\t\t<div class=\"boosted-elements-masonry-margins\">\n\t\t\t<div class=\"boosted-elements-grid-masonry8fa4f3a\">\n\t\t\t\t\n\t\t\t\t\t\t\n\t\t\t\t\t<div class=\"boosted-elements-progression-masonry-item boosted-elements-progression-masonry-column\">\n\t\t\t\t\t\t<div class=\"boosted-elements-progression-image-masonry-padding\">\n\t\t\t\t\t\t\t<div class=\"boosted-elements-progression-isotope-animation\">\n\t\t\t\t\t\t\t\t\n\t\t\t\t\t\t\t\t<div class=\"boosted-elements-progression-image-grid-item\">\n\t\t\t\t\t\t\t\t\t\t\t\t\t\t\t\t\t\t\t\t\t\t\t\t\t\t\n\t\t\t\t\t\t\t\t\t\n\t\t\t\t\t\t\t\t\t\t\t\t\t\t\t\t\t\t<a href=\"https:\/\/constreq.eu\/index\/wp-content\/uploads\/2023\/12\/Immagine-pulita-HD1-870x1024.jpg\" class=\"boosted-elements-lightbox-js\" data-elementor-lightbox-slideshow=\"gallery-boosted-8fa4f3a\" >\n\t\t\t\t\t\t\t\t\t\n\t\t\t\t\t\t\t\t\t<img decoding=\"async\" src=\"https:\/\/constreq.eu\/index\/wp-content\/uploads\/elementor\/thumbs\/Immagine-pulita-HD1-qh768yh6osxxg751ykvd6o57abpkgbggxo3nggpen0.jpg\" alt=\"ORTECO\" class=\"boosted-elements-progression-image\">\n\t\t\t\t\t\t\t\t\t\n\t\t\t\t\t\t\t\t\t\n\t\t\t\t\t\t\t\t\t<\/a>\t\t\t\t\t\t\t\t\t\n\t\t\t\t\t\t\t\t\t\n\t\t\t\t\t\t\t\t\t\t\n\t\t\t\t\t\t\t\t\t\t<div class=\"clearfix-boosted-element\"><\/div>\n\t\t\t\t\t\t\t\t<\/div><!-- close .boosted-elements-progression-image-grid-item -->\n\t\t\t\t\t\t\t\t\n\t\t\t\t\t\t\t<\/div><!-- close .boosted-elements-progression-isotope-animation -->\n\t\t\t\t\t\t<\/div><!-- close .boosted-elements-progression-image-masonry-padding -->\n\t\t\t\t\t<\/div><!-- close .boosted-elements-progression-masonry-item progression-masonry-col -->\n\n\t\t\t\t\n\t\t\t\t\t<div class=\"boosted-elements-progression-masonry-item boosted-elements-progression-masonry-column\">\n\t\t\t\t\t\t<div class=\"boosted-elements-progression-image-masonry-padding\">\n\t\t\t\t\t\t\t<div class=\"boosted-elements-progression-isotope-animation\">\n\t\t\t\t\t\t\t\t\n\t\t\t\t\t\t\t\t<div class=\"boosted-elements-progression-image-grid-item\">\n\t\t\t\t\t\t\t\t\t\t\t\t\t\t\t\t\t\t\t\t\t\t\t\t\t\t\n\t\t\t\t\t\t\t\t\t\n\t\t\t\t\t\t\t\t\t\t\t\t\t\t\t\t\t\t<a href=\"https:\/\/constreq.eu\/index\/wp-content\/uploads\/2023\/12\/Immagine2-pulita-SMART-768x1024.jpg\" class=\"boosted-elements-lightbox-js\" data-elementor-lightbox-slideshow=\"gallery-boosted-8fa4f3a\" >\n\t\t\t\t\t\t\t\t\t\n\t\t\t\t\t\t\t\t\t<img decoding=\"async\" src=\"https:\/\/constreq.eu\/index\/wp-content\/uploads\/elementor\/thumbs\/Immagine2-pulita-SMART-scaled-qh76a7lfsunoxhbin4dgicrbstj6psfl3veyhquitu.jpg\" alt=\"ORTECO\" class=\"boosted-elements-progression-image\">\n\t\t\t\t\t\t\t\t\t\n\t\t\t\t\t\t\t\t\t\n\t\t\t\t\t\t\t\t\t<\/a>\t\t\t\t\t\t\t\t\t\n\t\t\t\t\t\t\t\t\t\n\t\t\t\t\t\t\t\t\t\t\n\t\t\t\t\t\t\t\t\t\t<div class=\"clearfix-boosted-element\"><\/div>\n\t\t\t\t\t\t\t\t<\/div><!-- close .boosted-elements-progression-image-grid-item -->\n\t\t\t\t\t\t\t\t\n\t\t\t\t\t\t\t<\/div><!-- close .boosted-elements-progression-isotope-animation -->\n\t\t\t\t\t\t<\/div><!-- close .boosted-elements-progression-image-masonry-padding -->\n\t\t\t\t\t<\/div><!-- close .boosted-elements-progression-masonry-item progression-masonry-col -->\n\n\t\t\t\t<\/div><!-- close .boosted-elements-grid-masonry8fa4f3a  -->\n\t\t<\/div><!-- close .boosted-elements-masonry-margins-->\n\t\n\t<\/div><!-- close .boosted-elements-progression-image-grid-container -->\n\t\n\t<script type=\"text\/javascript\">\n\t\tjQuery(document).ready(function($) { 'use strict';\n\t\t\/* Default Isotope Load Code *\/\n\t\tvar $container = $('.boosted-elements-grid-masonry8fa4f3a').isotope();\n\t\t$container.imagesLoaded( function() {\n\t\t\t\n\t\t\t$(\".boosted-elements-progression-masonry-item\").addClass(\"boosted-elements-isotope-animation-start\");\n\t\t\t\n\t\t\t$container.isotope({\n\t\t\t\titemSelector: '.boosted-elements-progression-masonry-item',\t\t\t\t\n\t\t\t\tpercentPosition: true,\n\t\t\t\tlayoutMode: \"masonry\" \n\t \t\t});\n\t\t\t\n\t\t\t\n\t   \t$(\"boosted-elements-grid-masonry8fa4f3a a[data-rel^='prettyPhoto']\").prettyPhoto({\n\t \t\t\ttheme: 'pp_default',\n\t   \t\t\thook: 'data-rel',\n\t \t\t\t\topacity: 0.7,\n\t   \t\t\tshow_title: false,\n\t   \t\t\tdeeplinking: false,\n\t   \t\t\toverlay_gallery: false,\n\t   \t\t\tcustom_markup: '',\n\t \t\t\t\tdefault_width: 900,\n\t \t\t\t\tdefault_height: 506,\n\t   \t\t\tsocial_tools: ''\n\t   \t});\n\t\t\t\n\t\t});\n\t\t\/* END Default Isotope Code *\/\n\t});\n\t<\/script>\n\t\n\t<div class=\"clearfix-boosted-element\"><\/div>\n\t\n\t\t\t<\/div>\n\t\t\t\t<\/div>\n\t\t\t\t<div class=\"elementor-element elementor-element-bedaf0c elementor-widget elementor-widget-boosted-elements-templated\" data-id=\"bedaf0c\" data-element_type=\"widget\" data-widget_type=\"boosted-elements-templated.default\">\n\t\t\t\t<div class=\"elementor-widget-container\">\n\t\t\t\n\t<div class=\"boosted-elements-progression-template-container\">\n        \n\t\t\t<style>.elementor-1997 .elementor-element.elementor-element-1edce45{--display:flex;--flex-direction:column;--container-widget-width:100%;--container-widget-height:initial;--container-widget-flex-grow:0;--container-widget-align-self:initial;--background-transition:0.3s;}.elementor-1997 .elementor-element.elementor-element-c10df3b .elementor-widget-container{text-align:center;}.elementor-1997 .elementor-element.elementor-element-c10df3b .ha-creative-btn i{font-size:24px;}.elementor-1997 .elementor-element.elementor-element-c10df3b .ha-creative-btn, .elementor-1997 .elementor-element.elementor-element-c10df3b .ha-creative-btn.ha-eft--bloom div{border-style:none;}.elementor-1997 .elementor-element.elementor-element-c10df3b .ha-creative-btn-wrap .ha-creative-btn{--ha-ctv-btn-txt-clr:#FFFFFF;--ha-ctv-btn-bg-clr:#252E67;--ha-ctv-btn-bg-hvr-clr:#4253BE;--ha-ctv-btn-border-hvr-clr:#FFFFFF;}.elementor-1997 .elementor-element.elementor-element-c10df3b .ha-creative-btn{box-shadow:0px 0px 10px 0px rgba(0,0,0,0.5);}.elementor-1997 .elementor-element.elementor-element-c10df3b > .elementor-widget-container{margin:0px 0px -10px 0px;}.elementor-1997 .elementor-element.elementor-element-d2d91e5{--display:flex;--background-transition:0.3s;}<\/style>\t\t<div data-elementor-type=\"container\" data-elementor-id=\"1997\" class=\"elementor elementor-1997\">\n\t\t\t\t\t\t\t<div class=\"elementor-element elementor-element-1edce45 e-flex e-con-boxed e-con e-parent\" data-id=\"1edce45\" data-element_type=\"container\" data-settings=\"{&quot;content_width&quot;:&quot;boxed&quot;}\" data-core-v316-plus=\"true\">\n\t\t\t\t\t<div class=\"e-con-inner\">\n\t\t\t\t<div class=\"elementor-element elementor-element-c10df3b elementor-widget elementor-widget-ha-creative-button happy-addon ha-creative-button\" data-id=\"c10df3b\" data-element_type=\"widget\" data-widget_type=\"ha-creative-button.default\">\n\t\t\t\t<div class=\"elementor-widget-container\">\n\t\t\t\t\t<div data-magnetic=\"no\" class=\"ha-creative-btn-wrap\">\n\t\t\t<a class=\"ha-creative-btn ha-stl--symbolab ha-eft--back-in-right\" href=\"https:\/\/constreq.eu\/index\/ee\/%d0%bf%d0%b0%d1%82%d0%bd%d0%b0-%d0%b8%d0%bd%d1%84%d1%80%d0%b0%d1%81%d1%82%d1%80%d1%83%d0%ba%d1%82%d1%83%d1%80%d0%b0\/\" rel=\"nofollow\">TAGASI<i aria-hidden=\"true\" class=\"fas fa-backspace\"><\/i><\/a>\n\t\t<\/div>\t\t<\/div>\n\t\t\t\t<\/div>\n\t\t\t\t\t<\/div>\n\t\t\t\t<\/div>\n\t\t<div class=\"elementor-element elementor-element-d2d91e5 e-flex e-con-boxed e-con e-parent\" data-id=\"d2d91e5\" data-element_type=\"container\" data-settings=\"{&quot;content_width&quot;:&quot;boxed&quot;}\" data-core-v316-plus=\"true\">\n\t\t\t\t\t<div class=\"e-con-inner\">\n\t\t\t\t\t<\/div>\n\t\t\t\t<\/div>\n\t\t\t\t\t\t\t<\/div>\n\t\t\t\t\t\n\t<\/div><!-- close .boosted-elements-progression-template-container -->\n\t\n\t\n\t\t\t<\/div>\n\t\t\t\t<\/div>\n\t\t\t\t\t<\/div>\n\t\t\t\t<\/div>\n\t\t\t\t\t\t\t<\/div>\n\t\t","protected":false},"excerpt":{"rendered":"<p>MEIE PARTNER ORTECO ORTECO projekteerib ja toodab h\u00fcdraulilisi vaiade paigaldamise masinaid ohutute teepiirete, p\u00e4ikeseelektrijaamade, erinevate tarade ja ka viinamarjaistanduste tarbeks. Firma toodab masinaid ka eriotstarbelisteks t\u00f6\u00f6deks, nagu puurimine ja labade paigaldamine. ORTECO vaiamasinate valikus, millel on k\u00f5igil CE-m\u00e4rgis, on iseliikuvaid roomikmasinaid ning veokitele, ekskavaatoritele ja kraanadele paigaldatavaid seadmeid. Klientide vajaduste rahuldamiseks on ORTECO vaiamasinad varustatud [&hellip;]<\/p>\n","protected":false},"author":1,"featured_media":0,"parent":0,"menu_order":0,"comment_status":"closed","ping_status":"closed","template":"","meta":{"footnotes":""},"class_list":["post-2099","page","type-page","status-publish","hentry"],"lang":"ee","translations":{"ee":2099,"en":2112},"pll_sync_post":[],"_links":{"self":[{"href":"https:\/\/constreq.eu\/index\/wp-json\/wp\/v2\/pages\/2099","targetHints":{"allow":["GET"]}}],"collection":[{"href":"https:\/\/constreq.eu\/index\/wp-json\/wp\/v2\/pages"}],"about":[{"href":"https:\/\/constreq.eu\/index\/wp-json\/wp\/v2\/types\/page"}],"author":[{"embeddable":true,"href":"https:\/\/constreq.eu\/index\/wp-json\/wp\/v2\/users\/1"}],"replies":[{"embeddable":true,"href":"https:\/\/constreq.eu\/index\/wp-json\/wp\/v2\/comments?post=2099"}],"version-history":[{"count":7,"href":"https:\/\/constreq.eu\/index\/wp-json\/wp\/v2\/pages\/2099\/revisions"}],"predecessor-version":[{"id":2750,"href":"https:\/\/constreq.eu\/index\/wp-json\/wp\/v2\/pages\/2099\/revisions\/2750"}],"wp:attachment":[{"href":"https:\/\/constreq.eu\/index\/wp-json\/wp\/v2\/media?parent=2099"}],"curies":[{"name":"wp","href":"https:\/\/api.w.org\/{rel}","templated":true}]}}